{"id":824,"date":"2012-02-01T14:28:48","date_gmt":"2012-02-01T13:28:48","guid":{"rendered":"https:\/\/esf-balltrap.fr\/?page_id=824"},"modified":"2019-05-09T08:27:34","modified_gmt":"2019-05-09T06:27:34","slug":"infos","status":"publish","type":"page","link":"https:\/\/esf-balltrap.fr\/?page_id=824","title":{"rendered":"Infos"},"content":{"rendered":"<h1 style=\"text-align: left;\">\u00a0<\/h1>\n<h1 style=\"text-align: center;\">Entreprise &#8211; Comit\u00e9 d&#8217;Entreprise &#8211; Groupe<\/h1>\n<h2 style=\"text-align: center;\">ESF Ball-Trap peut organiser sur demande<\/h2>\n<h2 style=\"text-align: center;\">des matin\u00e9es r\u00e9cr\u00e9atives, s\u00e9minaires de d\u00e9tente.<\/h2>\n<h2 style=\"text-align: center;\">Pour tout renseignement, nous contacter <a title=\"Contactez nous\" href=\"https:\/\/esf-balltrap.fr\/?page_id=438\">ici<\/a>.<\/h2>\n<p>&nbsp;<\/p>\n<h2 style=\"text-align: center;\"><span style=\"text-decoration: underline;\">INFOS FERMETURES AUX ENTRA\u00ceNEMENTS<\/span><\/h2>\n<p style=\"text-align: left;\">Journ\u00e9e rotary : date \u00e0 fixer<\/p>\n<p style=\"text-align: left;\">Normandie de PC\u00a0: date \u00e0 fixer<\/p>\n<p style=\"text-align: left;\">Troph\u00e9e Herv\u00e9 Gilles\u00a0: date \u00e0 fixer \u00a0 \u00a0<\/p>\n<p style=\"text-align: -webkit-auto;\"><span style=\"text-align: center;\">\u00a0<\/span><\/p>\n","protected":false},"excerpt":{"rendered":"<p>\u00a0 Entreprise &#8211; Comit\u00e9 d&#8217;Entreprise &#8211; Groupe ESF Ball-Trap peut organiser sur demande des matin\u00e9es r\u00e9cr\u00e9atives, s\u00e9minaires de d\u00e9tente. Pour tout renseignement, nous contacter ici. &nbsp; INFOS FERMETURES AUX ENTRA\u00ceNEMENTS Journ\u00e9e rotary : date \u00e0 fixer Normandie de PC\u00a0: date \u00e0 fixer Troph\u00e9e Herv\u00e9 Gilles\u00a0: date \u00e0 fixer \u00a0 \u00a0 \u00a0<\/p>\n","protected":false},"author":1,"featured_media":0,"parent":14,"menu_order":0,"comment_status":"closed","ping_status":"closed","template":"","meta":{"ngg_post_thumbnail":0},"_links":{"self":[{"href":"https:\/\/esf-balltrap.fr\/index.php?rest_route=\/wp\/v2\/pages\/824"}],"collection":[{"href":"https:\/\/esf-balltrap.fr\/index.php?rest_route=\/wp\/v2\/pages"}],"about":[{"href":"https:\/\/esf-balltrap.fr\/index.php?rest_route=\/wp\/v2\/types\/page"}],"author":[{"embeddable":true,"href":"https:\/\/esf-balltrap.fr\/index.php?rest_route=\/wp\/v2\/users\/1"}],"replies":[{"embeddable":true,"href":"https:\/\/esf-balltrap.fr\/index.php?rest_route=%2Fwp%2Fv2%2Fcomments&post=824"}],"version-history":[{"count":63,"href":"https:\/\/esf-balltrap.fr\/index.php?rest_route=\/wp\/v2\/pages\/824\/revisions"}],"predecessor-version":[{"id":1884,"href":"https:\/\/esf-balltrap.fr\/index.php?rest_route=\/wp\/v2\/pages\/824\/revisions\/1884"}],"up":[{"embeddable":true,"href":"https:\/\/esf-balltrap.fr\/index.php?rest_route=\/wp\/v2\/pages\/14"}],"wp:attachment":[{"href":"https:\/\/esf-balltrap.fr\/index.php?rest_route=%2Fwp%2Fv2%2Fmedia&parent=824"}],"curies":[{"name":"wp","href":"https:\/\/api.w.org\/{rel}","templated":true}]}}