{"id":751,"date":"2012-01-12T18:48:38","date_gmt":"2012-01-12T17:48:38","guid":{"rendered":"https:\/\/esf-balltrap.fr\/?page_id=751"},"modified":"2026-01-07T18:37:56","modified_gmt":"2026-01-07T17:37:56","slug":"horaires","status":"publish","type":"page","link":"https:\/\/esf-balltrap.fr\/?page_id=751","title":{"rendered":"Horaires et R\u00e8gles"},"content":{"rendered":"<h1>Horaires &#8211; Hors jours de comp\u00e9titions<\/h1>\n<h3>LE SAMEDI DE 10H00 \u00e0 11H45 et de 14H00 A 17H45<\/h3>\n<p>(du samedi&nbsp; 17&nbsp; janvier 2026 \u00e0 la veille de l&#8217;ouverture de la chasse)<\/p>\n<h3>LE DIMANCHE DE 9H00 A 11H45<\/h3>\n<p>(du dimanche 01 mars 2026 \u00e0 la semaine pr\u00e9c\u00e9dent l&#8217;ouverture de la chasse)<\/p>\n<h1>R\u00e8gles<\/h1>\n<p>Par d\u00e9cision du bureau et en accord avec la loi du 16 d\u00e9cembre 2023 :<\/p>\n<p><strong>-La licence est obligatoire dans le club pour venir tirer et doit \u00eatre pr\u00e9sent\u00e9e lors de votre venue au club.<\/strong> &nbsp;<\/p>\n","protected":false},"excerpt":{"rendered":"<p>Horaires &#8211; Hors jours de comp\u00e9titions LE SAMEDI DE 10H00 \u00e0 11H45 et de 14H00 A 17H45 (du samedi&nbsp; 17&nbsp; janvier 2026 \u00e0 la veille de l&#8217;ouverture de la chasse) LE DIMANCHE DE 9H00 A 11H45 (du dimanche 01 mars 2026 \u00e0 la semaine pr\u00e9c\u00e9dent l&#8217;ouverture de la chasse) R\u00e8gles Par d\u00e9cision du bureau et [&hellip;]<\/p>\n","protected":false},"author":1,"featured_media":0,"parent":14,"menu_order":1,"comment_status":"closed","ping_status":"closed","template":"","meta":{"ngg_post_thumbnail":0},"_links":{"self":[{"href":"https:\/\/esf-balltrap.fr\/index.php?rest_route=\/wp\/v2\/pages\/751"}],"collection":[{"href":"https:\/\/esf-balltrap.fr\/index.php?rest_route=\/wp\/v2\/pages"}],"about":[{"href":"https:\/\/esf-balltrap.fr\/index.php?rest_route=\/wp\/v2\/types\/page"}],"author":[{"embeddable":true,"href":"https:\/\/esf-balltrap.fr\/index.php?rest_route=\/wp\/v2\/users\/1"}],"replies":[{"embeddable":true,"href":"https:\/\/esf-balltrap.fr\/index.php?rest_route=%2Fwp%2Fv2%2Fcomments&post=751"}],"version-history":[{"count":21,"href":"https:\/\/esf-balltrap.fr\/index.php?rest_route=\/wp\/v2\/pages\/751\/revisions"}],"predecessor-version":[{"id":5139,"href":"https:\/\/esf-balltrap.fr\/index.php?rest_route=\/wp\/v2\/pages\/751\/revisions\/5139"}],"up":[{"embeddable":true,"href":"https:\/\/esf-balltrap.fr\/index.php?rest_route=\/wp\/v2\/pages\/14"}],"wp:attachment":[{"href":"https:\/\/esf-balltrap.fr\/index.php?rest_route=%2Fwp%2Fv2%2Fmedia&parent=751"}],"curies":[{"name":"wp","href":"https:\/\/api.w.org\/{rel}","templated":true}]}}