{"id":2317,"date":"2016-08-02T10:11:49","date_gmt":"2016-08-02T08:11:49","guid":{"rendered":"https:\/\/esf-balltrap.fr\/?page_id=2317"},"modified":"2024-02-10T17:15:13","modified_gmt":"2024-02-10T16:15:13","slug":"tarfis","status":"publish","type":"page","link":"https:\/\/esf-balltrap.fr\/?page_id=2317","title":{"rendered":"Tarifs"},"content":{"rendered":"<div id=\"tarifs\">\n<h2>Tarif Licence<\/h2>\n<table>\n<thead>\n<tr>\n<th style=\"text-align: center;\" colspan=\"2\">Licence avec Carte Club<\/th>\n<th style=\"text-align: center;\" rowspan=\"2\">Carte Club<\/th>\n<\/tr>\n<tr>\n<th style=\"text-align: center;\">Senior, V\u00e9t\u00e9ran, SuperV\u00e9t\u00e9ran<\/th>\n<th style=\"text-align: center;\">Cadet, Junior,&nbsp;&nbsp;&nbsp;&nbsp;&nbsp;&nbsp;&nbsp;&nbsp;&nbsp;&nbsp;&nbsp;&nbsp; &nbsp; &nbsp; &nbsp; &nbsp; &nbsp; Dame<\/th>\n<\/tr>\n<\/thead>\n<tbody>\n<tr>\n<td style=\"text-align: center;\">106\u20ac<\/td>\n<td style=\"text-align: center;\">&nbsp;&nbsp;&nbsp;&nbsp;&nbsp; 49\u20ac&nbsp;&nbsp;&nbsp;&nbsp;&nbsp;&nbsp;&nbsp;&nbsp;&nbsp;&nbsp;&nbsp;&nbsp;&nbsp;&nbsp;&nbsp;&nbsp;&nbsp;&nbsp;&nbsp;&nbsp;&nbsp;&nbsp;&nbsp;&nbsp;&nbsp;&nbsp;&nbsp;&nbsp;&nbsp;&nbsp;&nbsp;&nbsp;&nbsp;&nbsp; 84\u20ac<\/td>\n<td style=\"text-align: center;\">69\u20ac<\/td>\n<\/tr>\n<\/tbody>\n<\/table>\n<h2>Classification (2023)<\/h2>\n<table style=\"height: 90px;\" width=\"624\">\n<thead>\n<tr>\n<th style=\"text-align: center;\">Cadet\/CADETTE<\/th>\n<th style=\"text-align: center;\">Junior G\/F<\/th>\n<th style=\"text-align: center;\">MAN F,1,2,3,4<\/th>\n<th style=\"text-align: center;\">Senior A\/B<\/th>\n<th style=\"text-align: center;\">master<\/th>\n<\/tr>\n<\/thead>\n<tbody>\n<tr>\n<td style=\"text-align: center;\">A compt\u00e9 du 01\/01\/2007<\/td>\n<td style=\"text-align: center;\">N\u00e9 entre le 01\/01\/2003 et le 31\/12\/2006<\/td>\n<td style=\"text-align: center;\">N\u00e9 entre le 01\/01\/1968 et le 31\/12\/2002<\/td>\n<td style=\"text-align: center;\">N\u00e9 entre le 01\/01\/1958 et le 31\/12\/1967<\/td>\n<td style=\"text-align: center;\">Tireur n\u00e9 avant le 31\/12\/1951<\/td>\n<\/tr>\n<\/tbody>\n<\/table>\n<h2>Tarifs Plateaux<\/h2>\n<table>\n<thead>\n<tr>\n<th style=\"text-align: center;\" rowspan=\"2\">&nbsp;<\/th>\n<th style=\"text-align: center;\" colspan=\"2\">Club<\/th>\n<th style=\"text-align: center;\" colspan=\"2\">Hors Club<\/th>\n<\/tr>\n<tr>\n<th style=\"text-align: center;\">Serie<\/th>\n<th style=\"text-align: center;\">Par 10<\/th>\n<th style=\"text-align: center;\">Serie<\/th>\n<th style=\"text-align: center;\">Par 10<\/th>\n<\/tr>\n<\/thead>\n<tbody>\n<tr>\n<td style=\"text-align: center;\">Fosse<\/td>\n<td style=\"text-align: center;\">5,90\u20ac<\/td>\n<td style=\"text-align: center;\">56\u20ac<\/td>\n<td style=\"text-align: center;\">7,00\u20ac<\/td>\n<td style=\"text-align: center;\">70\u20ac<\/td>\n<\/tr>\n<tr>\n<td style=\"text-align: center;\">Parcours<\/td>\n<td style=\"text-align: center;\">8,00\u20ac<\/td>\n<td style=\"text-align: center;\">70\u20ac<\/td>\n<td style=\"text-align: center;\">9,60\u20ac<\/td>\n<td style=\"text-align: center;\">96\u20ac<\/td>\n<\/tr>\n<tr>\n<td style=\"text-align: center;\">Compack<\/td>\n<td style=\"text-align: center;\">8,00\u20ac<\/td>\n<td style=\"text-align: center;\">70\u20ac<\/td>\n<td style=\"text-align: center;\">9,60\u20ac<\/td>\n<td style=\"text-align: center;\">96\u20ac<\/td>\n<\/tr>\n<\/tbody>\n<\/table>\n<h2>Packs D\u00e9couverte<\/h2>\n<p>Deux s\u00e9ries et une assurance avec un accompagnant du club. Appelez le club pour r\u00e9servation.<\/p>\n<table>\n<thead>\n<tr>\n<th style=\"text-align: center;\">&nbsp;<\/th>\n<th style=\"text-align: center;\">Avec 100 Cartouches + Assurance<\/th>\n<th style=\"text-align: center;\">Sans Cartouche + Assurance<\/th>\n<\/tr>\n<\/thead>\n<tbody>\n<tr>\n<td style=\"text-align: center;\">Parcours<\/td>\n<td style=\"text-align: center;\">62\u20ac<\/td>\n<td style=\"text-align: center;\">40\u20ac<\/td>\n<\/tr>\n<tr>\n<td style=\"text-align: center;\">Fosse<\/td>\n<td style=\"text-align: center;\">62\u20ac<\/td>\n<td style=\"text-align: center;\">40\u20ac<\/td>\n<\/tr>\n<\/tbody>\n<\/table>\n<h2>Renseignements<\/h2>\n<p><a href=\"tel:02 33 35 85 35\">02 33 35 85 35<\/a> (Stand) uniquement pendant les heures d\u2019ouverture<\/p>\n<\/div>\n","protected":false},"excerpt":{"rendered":"<p>Tarif Licence Licence avec Carte Club Carte Club Senior, V\u00e9t\u00e9ran, SuperV\u00e9t\u00e9ran Cadet, Junior,&nbsp;&nbsp;&nbsp;&nbsp;&nbsp;&nbsp;&nbsp;&nbsp;&nbsp;&nbsp;&nbsp;&nbsp; &nbsp; &nbsp; &nbsp; &nbsp; &nbsp; Dame 106\u20ac &nbsp;&nbsp;&nbsp;&nbsp;&nbsp; 49\u20ac&nbsp;&nbsp;&nbsp;&nbsp;&nbsp;&nbsp;&nbsp;&nbsp;&nbsp;&nbsp;&nbsp;&nbsp;&nbsp;&nbsp;&nbsp;&nbsp;&nbsp;&nbsp;&nbsp;&nbsp;&nbsp;&nbsp;&nbsp;&nbsp;&nbsp;&nbsp;&nbsp;&nbsp;&nbsp;&nbsp;&nbsp;&nbsp;&nbsp;&nbsp; 84\u20ac 69\u20ac Classification (2023) Cadet\/CADETTE Junior G\/F MAN F,1,2,3,4 Senior A\/B master A compt\u00e9 du 01\/01\/2007 N\u00e9 entre le 01\/01\/2003 et le 31\/12\/2006 N\u00e9 entre le 01\/01\/1968 et le 31\/12\/2002 N\u00e9 entre le [&hellip;]<\/p>\n","protected":false},"author":6,"featured_media":0,"parent":14,"menu_order":0,"comment_status":"closed","ping_status":"closed","template":"","meta":{"ngg_post_thumbnail":0},"_links":{"self":[{"href":"https:\/\/esf-balltrap.fr\/index.php?rest_route=\/wp\/v2\/pages\/2317"}],"collection":[{"href":"https:\/\/esf-balltrap.fr\/index.php?rest_route=\/wp\/v2\/pages"}],"about":[{"href":"https:\/\/esf-balltrap.fr\/index.php?rest_route=\/wp\/v2\/types\/page"}],"author":[{"embeddable":true,"href":"https:\/\/esf-balltrap.fr\/index.php?rest_route=\/wp\/v2\/users\/6"}],"replies":[{"embeddable":true,"href":"https:\/\/esf-balltrap.fr\/index.php?rest_route=%2Fwp%2Fv2%2Fcomments&post=2317"}],"version-history":[{"count":17,"href":"https:\/\/esf-balltrap.fr\/index.php?rest_route=\/wp\/v2\/pages\/2317\/revisions"}],"predecessor-version":[{"id":5076,"href":"https:\/\/esf-balltrap.fr\/index.php?rest_route=\/wp\/v2\/pages\/2317\/revisions\/5076"}],"up":[{"embeddable":true,"href":"https:\/\/esf-balltrap.fr\/index.php?rest_route=\/wp\/v2\/pages\/14"}],"wp:attachment":[{"href":"https:\/\/esf-balltrap.fr\/index.php?rest_route=%2Fwp%2Fv2%2Fmedia&parent=2317"}],"curies":[{"name":"wp","href":"https:\/\/api.w.org\/{rel}","templated":true}]}}